{"id":5803,"date":"2023-10-05T06:08:44","date_gmt":"2023-10-05T06:08:44","guid":{"rendered":"https:\/\/www.yellowcar.com\/?page_id=5803"},"modified":"2023-10-05T06:13:54","modified_gmt":"2023-10-05T06:13:54","slug":"was-in-marbella-unternehmen","status":"publish","type":"page","link":"https:\/\/www.yellowcar.com\/de\/was-in-marbella-unternehmen\/","title":{"rendered":"Was in Marbella unternehmen?"},"content":{"rendered":"\n<div class=\"wp-block-group breadcrumb has-primary-background-color has-background is-layout-constrained wp-container-core-group-is-layout-1d5f02f0 wp-block-group-is-layout-constrained\" style=\"padding-top:10px;padding-right:20px;padding-bottom:10px;padding-left:20px\"><nav class=\"breadcrumbs\" itemscope itemtype=\"https:\/\/schema.org\/BreadcrumbList\"><a href=\"https:\/\/www.yellowcar.com\/de\/\" itemprop=\"itemListElement\" itemscope itemtype=\"https:\/\/schema.org\/ListItem\"><span itemprop=\"name\">Home<\/span><meta itemprop=\"position\" content=\"1\" \/><\/a><span class=\"delimiter\"> \/ <\/span><\/nav><\/div>\n\n\n\n<section class=\"wp-block-group is-layout-constrained wp-container-core-group-is-layout-45b7d6ca wp-block-group-is-layout-constrained\" style=\"padding-top:50px;padding-right:20px;padding-left:20px\">\n<p class=\"has-text-align-center\">Marbella ist eine der St\u00e4dte in ganz Spanien, die die meisten Touristen anzieht. Die Hauptstadt der Costa del Sol ist sehr bekannt f\u00fcr ihre legend\u00e4ren Str\u00e4nde, ihr konstantes Wetter zu praktisch jeder Jahreszeit, ihre Partys und Luxusyachten sowie die st\u00e4ndige Anwesenheit von Prominenten.<\/p>\n\n\n\n<p class=\"has-text-align-center\">Obwohl Marbella stark gewachsen ist, bewahrt es immer noch seinen Geist durch klassische Elemente wie traditionelle Bars, alle Sehensw\u00fcrdigkeiten, die du besuchen solltest, wenn du Marbella besuchst, und die ganze Geschichte, die du kennenlernen solltest.<\/p>\n\n\n\n<p class=\"has-text-align-center\">Wir werden kurz einige der Schl\u00fcsselaspekte dieser Stadt zusammenfassen.<\/p>\n\n\n\n<div class=\"wp-block-uagb-advanced-heading uagb-block-35da115d\"><h2 class=\"uagb-heading-text\">Marbella Reisef\u00fchrer<br><a href=\"https:\/\/www.yellowcar.com\/que-ver-en-marbella\/\" target=\"_blank\" rel=\"noreferrer noopener\"><\/a><\/h2><\/div>\n\n\n\n<div class=\"wp-block-uagb-buttons uagb-buttons__outer-wrap uagb-btn__default-btn uagb-btn-tablet__default-btn uagb-btn-mobile__default-btn uagb-block-f3bdb500\"><div class=\"uagb-buttons__wrap uagb-buttons-layout-wrap\">\n<div class=\"wp-block-uagb-buttons-child uagb-buttons__outer-wrap uagb-block-e6161882 wp-block-button\"><div class=\"uagb-button__wrapper\"><a class=\"uagb-buttons-repeater wp-block-button__link\" href=\"\/que-ver-en-marbella\/\" onclick=\"return true;\" rel=\"follow noopener\" target=\"_blank\"><span class=\"uagb-button__icon uagb-button__icon-position-before\"><svg xmlns=\"https:\/\/www.w3.org\/2000\/svg\" viewBox=\"0 0 512 512\"><path d=\"M236 176c0 15.46-12.54 28-28 28S180 191.5 180 176S192.5 148 208 148S236 160.5 236 176zM500.3 500.3c-15.62 15.62-40.95 15.62-56.57 0l-119.7-119.7c-40.41 27.22-90.9 40.65-144.7 33.46c-91.55-12.23-166-87.28-177.6-178.9c-17.24-136.2 97.29-250.7 233.4-233.4c91.64 11.6 166.7 86.07 178.9 177.6c7.19 53.8-6.236 104.3-33.46 144.7l119.7 119.7C515.9 459.3 515.9 484.7 500.3 500.3zM294.1 182.2C294.1 134.5 255.6 96 207.1 96C160.4 96 121.9 134.5 121.9 182.2c0 38.35 56.29 108.5 77.87 134C201.8 318.5 204.7 320 207.1 320c3.207 0 6.26-1.459 8.303-3.791C237.8 290.7 294.1 220.5 294.1 182.2z\"><\/path><\/svg><\/span><div class=\"uagb-button__link\">WAS IN MARBELLA SEHEN<\/div><\/a><\/div><\/div>\n\n\n\n<div class=\"wp-block-uagb-buttons-child uagb-buttons__outer-wrap uagb-block-a52e8e02 wp-block-button\"><div class=\"uagb-button__wrapper\"><a class=\"uagb-buttons-repeater wp-block-button__link\" href=\"\/aeropuerto-cerca-marbella\/\" onclick=\"return true;\" rel=\"follow noopener\" target=\"_blank\"><span class=\"uagb-button__icon uagb-button__icon-position-before\"><svg xmlns=\"https:\/\/www.w3.org\/2000\/svg\" viewBox=\"0 0 640 512\"><path d=\"M484.6 62C502.6 52.8 522.6 48 542.8 48H600.2C627.2 48 645.9 74.95 636.4 100.2C618.2 148.9 582.1 188.9 535.6 212.2L262.8 348.6C258.3 350.8 253.4 352 248.4 352H110.7C101.4 352 92.5 347.9 86.42 340.8L13.34 255.6C6.562 247.7 9.019 235.5 18.33 230.8L50.49 214.8C59.05 210.5 69.06 210.2 77.8 214.1L135.1 239.1L234.6 189.7L87.64 95.2C77.21 88.49 78.05 72.98 89.14 67.43L135 44.48C150.1 36.52 169.5 35.55 186.1 41.8L381 114.9L484.6 62zM0 480C0 462.3 14.33 448 32 448H608C625.7 448 640 462.3 640 480C640 497.7 625.7 512 608 512H32C14.33 512 0 497.7 0 480z\"><\/path><\/svg><\/span><div class=\"uagb-button__link\">FLUGHAFEN IN DER N\u00c4HE VON MARBELLA<\/div><\/a><\/div><\/div>\n<\/div><\/div>\n<\/section>\n\n\n\n<section class=\"wp-block-group alignfull c-bg-gray has-light-gray-background-color has-background is-layout-constrained wp-container-core-group-is-layout-82ab3d5c wp-block-group-is-layout-constrained\" style=\"margin-top:80px;padding-top:0px;padding-right:0px;padding-bottom:0px;padding-left:0px\">\n<div class=\"wp-block-cover is-light\" style=\"padding-top:80px;padding-right:20px;padding-bottom:50px;padding-left:20px\"><span aria-hidden=\"true\" class=\"wp-block-cover__background has-light-gray-background-color has-background-dim-70 has-background-dim\"><\/span><img decoding=\"async\" class=\"wp-block-cover__image-background wp-image-1513\" alt=\"\" src=\"https:\/\/www.yellowcar.com\/wp-content\/uploads\/2023\/04\/mercedes-dark_1.svg\" data-object-fit=\"cover\"\/><div class=\"wp-block-cover__inner-container is-layout-flow wp-block-cover-is-layout-flow\">\n<div id=\"fadeintop\" class=\"wp-block-group is-layout-constrained wp-container-core-group-is-layout-5fb0786f wp-block-group-is-layout-constrained\">\n<div class=\"wp-block-uagb-info-box uagb-block-814017ed uagb-infobox__content-wrap  uagb-infobox-icon-above-title uagb-infobox-image-valign-top\"><div class=\"uagb-ifb-content\"><div class=\"uagb-ifb-icon-wrap\"><svg xmlns=\"https:\/\/www.w3.org\/2000\/svg\" viewBox=\"0 0 320 512\"><path d=\"M320 144C320 223.5 255.5 288 176 288C96.47 288 32 223.5 32 144C32 64.47 96.47 0 176 0C255.5 0 320 64.47 320 144zM192 64C192 55.16 184.8 48 176 48C122.1 48 80 90.98 80 144C80 152.8 87.16 160 96 160C104.8 160 112 152.8 112 144C112 108.7 140.7 80 176 80C184.8 80 192 72.84 192 64zM144 480V317.1C154.4 319 165.1 319.1 176 319.1C186.9 319.1 197.6 319 208 317.1V480C208 497.7 193.7 512 176 512C158.3 512 144 497.7 144 480z\"><\/path><\/svg><\/div><div class=\"uagb-ifb-title-wrap\"><h2 class=\"uagb-ifb-title\">Entdecke einige ihrer Sehensw\u00fcrdigkeiten<\/h2><\/div><\/div><\/div>\n\n\n<div class=\"wp-block-uagb-faq uagb-faq__outer-wrap uagb-block-7e915f54 uagb-faq-icon-row uagb-faq-layout-accordion uagb-faq-expand-first-false uagb-faq-inactive-other-true uagb-faq__wrap uagb-buttons-layout-wrap uagb-faq-equal-height     \" data-faqtoggle=\"true\" role=\"tablist\"><script type=\"application\/ld+json\">{\"@context\":\"https:\\\/\\\/schema.org\",\"@type\":\"FAQPage\",\"@id\":\"https:\\\/\\\/www.yellowcar.com\\\/de\\\/was-in-marbella-unternehmen\\\/\",\"mainEntity\":[{\"@type\":\"Question\",\"name\":\"HISTORISCHES ZENTRUM\",\"acceptedAnswer\":{\"@type\":\"Answer\",\"text\":\"Es gibt viele Orte, die du besuchen solltest, bevor du in die Stadt gehst, wie die Altstadt, in der eine gute Atmosph\\u00e4re mit Gourmetrestaurants und Handwerksl\\u00e4den herrscht.\"}},{\"@type\":\"Question\",\"name\":\"STR\\u00c4NDE VON MARBELLA\",\"acceptedAnswer\":{\"@type\":\"Answer\",\"text\":\"Marbella ist auch f\\u00fcr ihre Vielfalt an Str\\u00e4nden bekannt. Die Str\\u00e4nde in Marbella sind eine der wichtigsten Attraktionen f\\u00fcr Einheimische, nationale und internationale Touristen\"}},{\"@type\":\"Question\",\"name\":\"PLAZA DE LOS NARANJOS\",\"acceptedAnswer\":{\"@type\":\"Answer\",\"text\":\"Du solltest auch die Churros auf dem Plaza de Los Naranjos probieren (eine lokale Tradition), die Stadtmauern des Castillo besichtigen (aus dem 11. und 12. Jahrhundert stammend), die Strandpromenade erkunden (ein Ort, an dem Sportler das ganze Jahr \\u00fcber anzutreffen sind) oder Dal\\u00ed in der Avenida del Mar entdecken.\"}},{\"@type\":\"Question\",\"name\":\"GASTRONOMIE\",\"acceptedAnswer\":{\"@type\":\"Answer\",\"text\":\"Dies sind nur einige ihrer Sehensw\\u00fcrdigkeiten, aber du solltest nicht gehen, ohne die frittierten Fisch und die Paella zu probieren, um einen einzigartigen Geschmack zu erleben.\"}},{\"@type\":\"Question\",\"name\":\"PUERTO BAN\\u00daS\",\"acceptedAnswer\":{\"@type\":\"Answer\",\"text\":\"Nat\\u00fcrlich wird auch der Puerto Ban\\u00fas, der luxuri\\u00f6seste Hafen in Spanien, auf dich warten, damit du eine einzigartige Erfahrung machen kannst.\"}},{\"@type\":\"Question\",\"name\":\"MIETAUTO\",\"acceptedAnswer\":{\"@type\":\"Answer\",\"text\":\"Von Yellow Car bieten wir unseren Autovermietungsdienst in unseren B\\u00fcros in:<br>Marbella<br>M\\u00e1laga<br>Mijas<br>Costa Sol\"}}]}<\/script><div class=\"wp-block-uagb-faq-child uagb-faq-child__outer-wrap uagb-faq-item uagb-block-a1ceabc9 \" role=\"tab\" tabindex=\"0\"><div class=\"uagb-faq-questions-button uagb-faq-questions\">\t\t\t<span class=\"uagb-icon uagb-faq-icon-wrap\">\n\t\t\t\t\t\t\t\t<svg xmlns=\"https:\/\/www.w3.org\/2000\/svg\" viewBox= \"0 0 448 512\"><path d=\"M432 256c0 17.69-14.33 32.01-32 32.01H256v144c0 17.69-14.33 31.99-32 31.99s-32-14.3-32-31.99v-144H48c-17.67 0-32-14.32-32-32.01s14.33-31.99 32-31.99H192v-144c0-17.69 14.33-32.01 32-32.01s32 14.32 32 32.01v144h144C417.7 224 432 238.3 432 256z\"><\/path><\/svg>\n\t\t\t\t\t\t\t<\/span>\n\t\t\t\t\t\t<span class=\"uagb-icon-active uagb-faq-icon-wrap\">\n\t\t\t\t\t\t\t\t<svg xmlns=\"https:\/\/www.w3.org\/2000\/svg\" viewBox= \"0 0 448 512\"><path d=\"M400 288h-352c-17.69 0-32-14.32-32-32.01s14.31-31.99 32-31.99h352c17.69 0 32 14.3 32 31.99S417.7 288 400 288z\"><\/path><\/svg>\n\t\t\t\t\t\t\t<\/span>\n\t\t\t<span class=\"uagb-question\">HISTORISCHES ZENTRUM<\/span><\/div><div class=\"uagb-faq-content\"><p>Es gibt viele Orte, die du besuchen solltest, bevor du in die Stadt gehst, wie die Altstadt, in der eine gute Atmosph\u00e4re mit Gourmetrestaurants und Handwerksl\u00e4den herrscht.<\/p><\/div><\/div><div class=\"wp-block-uagb-faq-child uagb-faq-child__outer-wrap uagb-faq-item uagb-block-e60c06da \" role=\"tab\" tabindex=\"0\"><div class=\"uagb-faq-questions-button uagb-faq-questions\">\t\t\t<span class=\"uagb-icon uagb-faq-icon-wrap\">\n\t\t\t\t\t\t\t\t<svg xmlns=\"https:\/\/www.w3.org\/2000\/svg\" viewBox= \"0 0 448 512\"><path d=\"M432 256c0 17.69-14.33 32.01-32 32.01H256v144c0 17.69-14.33 31.99-32 31.99s-32-14.3-32-31.99v-144H48c-17.67 0-32-14.32-32-32.01s14.33-31.99 32-31.99H192v-144c0-17.69 14.33-32.01 32-32.01s32 14.32 32 32.01v144h144C417.7 224 432 238.3 432 256z\"><\/path><\/svg>\n\t\t\t\t\t\t\t<\/span>\n\t\t\t\t\t\t<span class=\"uagb-icon-active uagb-faq-icon-wrap\">\n\t\t\t\t\t\t\t\t<svg xmlns=\"https:\/\/www.w3.org\/2000\/svg\" viewBox= \"0 0 448 512\"><path d=\"M400 288h-352c-17.69 0-32-14.32-32-32.01s14.31-31.99 32-31.99h352c17.69 0 32 14.3 32 31.99S417.7 288 400 288z\"><\/path><\/svg>\n\t\t\t\t\t\t\t<\/span>\n\t\t\t<span class=\"uagb-question\">STR\u00c4NDE VON MARBELLA<\/span><\/div><div class=\"uagb-faq-content\"><p>Marbella ist auch f\u00fcr ihre Vielfalt an Str\u00e4nden bekannt. Die Str\u00e4nde in Marbella sind eine der wichtigsten Attraktionen f\u00fcr Einheimische, nationale und internationale Touristen<\/p><\/div><\/div><div class=\"wp-block-uagb-faq-child uagb-faq-child__outer-wrap uagb-faq-item uagb-block-35cc3c5f \" role=\"tab\" tabindex=\"0\"><div class=\"uagb-faq-questions-button uagb-faq-questions\">\t\t\t<span class=\"uagb-icon uagb-faq-icon-wrap\">\n\t\t\t\t\t\t\t\t<svg xmlns=\"https:\/\/www.w3.org\/2000\/svg\" viewBox= \"0 0 448 512\"><path d=\"M432 256c0 17.69-14.33 32.01-32 32.01H256v144c0 17.69-14.33 31.99-32 31.99s-32-14.3-32-31.99v-144H48c-17.67 0-32-14.32-32-32.01s14.33-31.99 32-31.99H192v-144c0-17.69 14.33-32.01 32-32.01s32 14.32 32 32.01v144h144C417.7 224 432 238.3 432 256z\"><\/path><\/svg>\n\t\t\t\t\t\t\t<\/span>\n\t\t\t\t\t\t<span class=\"uagb-icon-active uagb-faq-icon-wrap\">\n\t\t\t\t\t\t\t\t<svg xmlns=\"https:\/\/www.w3.org\/2000\/svg\" viewBox= \"0 0 448 512\"><path d=\"M400 288h-352c-17.69 0-32-14.32-32-32.01s14.31-31.99 32-31.99h352c17.69 0 32 14.3 32 31.99S417.7 288 400 288z\"><\/path><\/svg>\n\t\t\t\t\t\t\t<\/span>\n\t\t\t<span class=\"uagb-question\">PLAZA DE LOS NARANJOS<\/span><\/div><div class=\"uagb-faq-content\"><p>Du solltest auch die Churros auf dem Plaza de Los Naranjos probieren (eine lokale Tradition), die Stadtmauern des Castillo besichtigen (aus dem 11. und 12. Jahrhundert stammend), die Strandpromenade erkunden (ein Ort, an dem Sportler das ganze Jahr \u00fcber anzutreffen sind) oder Dal\u00ed in der Avenida del Mar entdecken.<\/p><\/div><\/div><div class=\"wp-block-uagb-faq-child uagb-faq-child__outer-wrap uagb-faq-item uagb-block-d9f22004 \" role=\"tab\" tabindex=\"0\"><div class=\"uagb-faq-questions-button uagb-faq-questions\">\t\t\t<span class=\"uagb-icon uagb-faq-icon-wrap\">\n\t\t\t\t\t\t\t\t<svg xmlns=\"https:\/\/www.w3.org\/2000\/svg\" viewBox= \"0 0 448 512\"><path d=\"M432 256c0 17.69-14.33 32.01-32 32.01H256v144c0 17.69-14.33 31.99-32 31.99s-32-14.3-32-31.99v-144H48c-17.67 0-32-14.32-32-32.01s14.33-31.99 32-31.99H192v-144c0-17.69 14.33-32.01 32-32.01s32 14.32 32 32.01v144h144C417.7 224 432 238.3 432 256z\"><\/path><\/svg>\n\t\t\t\t\t\t\t<\/span>\n\t\t\t\t\t\t<span class=\"uagb-icon-active uagb-faq-icon-wrap\">\n\t\t\t\t\t\t\t\t<svg xmlns=\"https:\/\/www.w3.org\/2000\/svg\" viewBox= \"0 0 448 512\"><path d=\"M400 288h-352c-17.69 0-32-14.32-32-32.01s14.31-31.99 32-31.99h352c17.69 0 32 14.3 32 31.99S417.7 288 400 288z\"><\/path><\/svg>\n\t\t\t\t\t\t\t<\/span>\n\t\t\t<span class=\"uagb-question\">GASTRONOMIE<\/span><\/div><div class=\"uagb-faq-content\"><p>Dies sind nur einige ihrer Sehensw\u00fcrdigkeiten, aber du solltest nicht gehen, ohne die frittierten Fisch und die Paella zu probieren, um einen einzigartigen Geschmack zu erleben.<\/p><\/div><\/div><div class=\"wp-block-uagb-faq-child uagb-faq-child__outer-wrap uagb-faq-item uagb-block-cc1d615d \" role=\"tab\" tabindex=\"0\"><div class=\"uagb-faq-questions-button uagb-faq-questions\">\t\t\t<span class=\"uagb-icon uagb-faq-icon-wrap\">\n\t\t\t\t\t\t\t\t<svg xmlns=\"https:\/\/www.w3.org\/2000\/svg\" viewBox= \"0 0 448 512\"><path d=\"M432 256c0 17.69-14.33 32.01-32 32.01H256v144c0 17.69-14.33 31.99-32 31.99s-32-14.3-32-31.99v-144H48c-17.67 0-32-14.32-32-32.01s14.33-31.99 32-31.99H192v-144c0-17.69 14.33-32.01 32-32.01s32 14.32 32 32.01v144h144C417.7 224 432 238.3 432 256z\"><\/path><\/svg>\n\t\t\t\t\t\t\t<\/span>\n\t\t\t\t\t\t<span class=\"uagb-icon-active uagb-faq-icon-wrap\">\n\t\t\t\t\t\t\t\t<svg xmlns=\"https:\/\/www.w3.org\/2000\/svg\" viewBox= \"0 0 448 512\"><path d=\"M400 288h-352c-17.69 0-32-14.32-32-32.01s14.31-31.99 32-31.99h352c17.69 0 32 14.3 32 31.99S417.7 288 400 288z\"><\/path><\/svg>\n\t\t\t\t\t\t\t<\/span>\n\t\t\t<span class=\"uagb-question\">PUERTO BAN\u00daS<\/span><\/div><div class=\"uagb-faq-content\"><p>Nat\u00fcrlich wird auch der Puerto Ban\u00fas, der luxuri\u00f6seste Hafen in Spanien, auf dich warten, damit du eine einzigartige Erfahrung machen kannst.<\/p><\/div><\/div><div class=\"wp-block-uagb-faq-child uagb-faq-child__outer-wrap uagb-faq-item uagb-block-5e3d6576 \" role=\"tab\" tabindex=\"0\"><div class=\"uagb-faq-questions-button uagb-faq-questions\">\t\t\t<span class=\"uagb-icon uagb-faq-icon-wrap\">\n\t\t\t\t\t\t\t\t<svg xmlns=\"https:\/\/www.w3.org\/2000\/svg\" viewBox= \"0 0 448 512\"><path d=\"M432 256c0 17.69-14.33 32.01-32 32.01H256v144c0 17.69-14.33 31.99-32 31.99s-32-14.3-32-31.99v-144H48c-17.67 0-32-14.32-32-32.01s14.33-31.99 32-31.99H192v-144c0-17.69 14.33-32.01 32-32.01s32 14.32 32 32.01v144h144C417.7 224 432 238.3 432 256z\"><\/path><\/svg>\n\t\t\t\t\t\t\t<\/span>\n\t\t\t\t\t\t<span class=\"uagb-icon-active uagb-faq-icon-wrap\">\n\t\t\t\t\t\t\t\t<svg xmlns=\"https:\/\/www.w3.org\/2000\/svg\" viewBox= \"0 0 448 512\"><path d=\"M400 288h-352c-17.69 0-32-14.32-32-32.01s14.31-31.99 32-31.99h352c17.69 0 32 14.3 32 31.99S417.7 288 400 288z\"><\/path><\/svg>\n\t\t\t\t\t\t\t<\/span>\n\t\t\t<span class=\"uagb-question\">MIETAUTO<\/span><\/div><div class=\"uagb-faq-content\"><p>Von Yellow Car bieten wir unseren Autovermietungsdienst in unseren B\u00fcros in:<br>Marbella<br>M\u00e1laga<br>Mijas<br>Costa Sol<\/p><\/div><\/div><\/div><\/div>\n<\/div><\/div>\n<\/section>\n\n\n\n<section class=\"wp-block-group fadeintop is-layout-constrained wp-container-core-group-is-layout-362bf43b wp-block-group-is-layout-constrained\" style=\"margin-top:80px;padding-top:20px;padding-right:20px;padding-bottom:20px;padding-left:20px\">\n<div class=\"wp-block-uagb-advanced-heading uagb-block-bdf0d7de fadeintop c-w-fit\"><h2 class=\"uagb-heading-text\">Yellow Car \u00b7 RENT A CAR Marbella<\/h2><div class=\"uagb-separator\"><\/div><\/div>\n\n\n\n<div class=\"wp-block-uagb-buttons uagb-buttons__outer-wrap uagb-btn__default-btn uagb-btn-tablet__default-btn uagb-btn-mobile__default-btn uagb-block-8cab37c7\"><div class=\"uagb-buttons__wrap uagb-buttons-layout-wrap\">\n<div class=\"wp-block-uagb-buttons-child uagb-buttons__outer-wrap uagb-block-da326bf7 wp-block-button\"><div class=\"uagb-button__wrapper\"><a class=\"uagb-buttons-repeater wp-block-button__link\" href=\"\/como-ir-aeropuerto-malaga-a-marbella\/\" onclick=\"return true;\" rel=\"follow noopener\" target=\"_blank\"><span class=\"uagb-button__icon uagb-button__icon-position-before\"><svg xmlns=\"https:\/\/www.w3.org\/2000\/svg\" viewBox=\"0 0 640 512\"><path d=\"M484.6 62C502.6 52.8 522.6 48 542.8 48H600.2C627.2 48 645.9 74.95 636.4 100.2C618.2 148.9 582.1 188.9 535.6 212.2L262.8 348.6C258.3 350.8 253.4 352 248.4 352H110.7C101.4 352 92.5 347.9 86.42 340.8L13.34 255.6C6.562 247.7 9.019 235.5 18.33 230.8L50.49 214.8C59.05 210.5 69.06 210.2 77.8 214.1L135.1 239.1L234.6 189.7L87.64 95.2C77.21 88.49 78.05 72.98 89.14 67.43L135 44.48C150.1 36.52 169.5 35.55 186.1 41.8L381 114.9L484.6 62zM0 480C0 462.3 14.33 448 32 448H608C625.7 448 640 462.3 640 480C640 497.7 625.7 512 608 512H32C14.33 512 0 497.7 0 480z\"><\/path><\/svg><\/span><div class=\"uagb-button__link\">WIE KOMMT MAN VOM FLUGHAFEN M\u00c1LAGA NACH MARBELLA?<\/div><\/a><\/div><\/div>\n\n\n\n<div class=\"wp-block-uagb-buttons-child uagb-buttons__outer-wrap uagb-block-3c99026c wp-block-button\"><div class=\"uagb-button__wrapper\"><a class=\"uagb-buttons-repeater wp-block-button__link\" href=\"\/como-ir-de-malaga-a-marbella\/\" onclick=\"return true;\" rel=\"follow noopener\" target=\"_blank\"><span class=\"uagb-button__icon uagb-button__icon-position-before\"><svg xmlns=\"https:\/\/www.w3.org\/2000\/svg\" viewBox=\"0 0 320 512\"><path d=\"M320 144C320 223.5 255.5 288 176 288C96.47 288 32 223.5 32 144C32 64.47 96.47 0 176 0C255.5 0 320 64.47 320 144zM192 64C192 55.16 184.8 48 176 48C122.1 48 80 90.98 80 144C80 152.8 87.16 160 96 160C104.8 160 112 152.8 112 144C112 108.7 140.7 80 176 80C184.8 80 192 72.84 192 64zM144 480V317.1C154.4 319 165.1 319.1 176 319.1C186.9 319.1 197.6 319 208 317.1V480C208 497.7 193.7 512 176 512C158.3 512 144 497.7 144 480z\"><\/path><\/svg><\/span><div class=\"uagb-button__link\">WIE KOMMT MAN VON M\u00c1LAGA NACH MARBELLA?<\/div><\/a><\/div><\/div>\n\n\n\n<div class=\"wp-block-uagb-buttons-child uagb-buttons__outer-wrap uagb-block-21afb2b9 wp-block-button\"><div class=\"uagb-button__wrapper\"><a class=\"uagb-buttons-repeater wp-block-button__link\" href=\"\/como-ir-estacion-malaga-maria-zambrano-a-marbella\/\" onclick=\"return true;\" rel=\"follow noopener\" target=\"_blank\"><span class=\"uagb-button__icon uagb-button__icon-position-before\"><svg xmlns=\"https:\/\/www.w3.org\/2000\/svg\" viewBox=\"0 0 448 512\"><path d=\"M352 0C405 0 448 42.98 448 96V352C448 399.1 412.8 439.7 366.9 446.9L412.9 492.9C419.9 499.9 414.9 512 404.1 512H365.3C356.8 512 348.6 508.6 342.6 502.6L288 448H160L105.4 502.6C99.37 508.6 91.23 512 82.75 512H43.04C33.06 512 28.06 499.9 35.12 492.9L81.14 446.9C35.18 439.7 0 399.1 0 352V96C0 42.98 42.98 0 96 0H352zM64 224C64 241.7 78.33 256 96 256H176C193.7 256 208 241.7 208 224V128C208 110.3 193.7 96 176 96H96C78.33 96 64 110.3 64 128V224zM272 96C254.3 96 240 110.3 240 128V224C240 241.7 254.3 256 272 256H352C369.7 256 384 241.7 384 224V128C384 110.3 369.7 96 352 96H272zM96 320C78.33 320 64 334.3 64 352C64 369.7 78.33 384 96 384C113.7 384 128 369.7 128 352C128 334.3 113.7 320 96 320zM352 384C369.7 384 384 369.7 384 352C384 334.3 369.7 320 352 320C334.3 320 320 334.3 320 352C320 369.7 334.3 384 352 384z\"><\/path><\/svg><\/span><div class=\"uagb-button__link\">WIE KOMMT MAN VON DEM M\u00c1LAGA HAUPTBAHNHOF NACH MARBELLA?<\/div><\/a><\/div><\/div>\n<\/div><\/div>\n<\/section>\n\n\n\n<div class=\"wp-block-uagb-container fadeintop office uagb-block-a1346276 alignfull uagb-is-root-container\"><div class=\"uagb-container-inner-blocks-wrap\">\n<div class=\"wp-block-uagb-container uagb-block-ec16c412\"><\/div>\n\n\n\n<div class=\"wp-block-uagb-container uagb-block-cdccb531\">\n<div class=\"wp-block-uagb-advanced-heading uagb-block-afaac92c fadeintop\"><h2 class=\"uagb-heading-text\">Wie ist das Wetter in Marbella?<\/h2><div class=\"uagb-separator\"><\/div><\/div>\n\n\n\n<p>Das Wetter in Marbella ist einer der vielen Gr\u00fcnde, warum Touristen sich f\u00fcr diesen Ort f\u00fcr ihren Urlaub entscheiden, und sogar um hier zu leben.<\/p>\n\n\n\n<p>Es ist das ganze Jahr \u00fcber mild, obwohl die beste Reisezeit zwischen Juli und Oktober liegt (nicht nur im Sommer).<\/p>\n\n\n\n<p>Die Winter sind normalerweise mild, mit einer durchschnittlichen Mindesttemperatur von 15\u00baC im Januar. In den \u00fcbrigen Monaten ist die Temperatur h\u00f6her.<\/p>\n<\/div>\n<\/div><\/div>\n\n\n\n<div class=\"wp-block-uagb-container fadeintop office uagb-block-5fffad4a alignfull uagb-is-root-container\"><div class=\"uagb-container-inner-blocks-wrap\">\n<div class=\"wp-block-uagb-container uagb-block-116b1aee\"><\/div>\n\n\n\n<div class=\"wp-block-uagb-container uagb-block-21d6fc94\">\n<div class=\"wp-block-uagb-advanced-heading uagb-block-2429726b fadeintop\"><h2 class=\"uagb-heading-text\">Welche Flugh\u00e4fen befinden sich in der N\u00e4he von Marbella?<\/h2><div class=\"uagb-separator\"><\/div><\/div>\n\n\n\n<p>Wenn du die Stadt besuchen m\u00f6chtest und einen Flug nehmen wirst, fragst du dich vielleicht nach den Flugh\u00e4fen in der N\u00e4he von Marbella.<\/p>\n\n\n\n<p>Der n\u00e4chstgelegene ist der Pablo Ru\u00edz Picasso, der etwa 46 km entfernt liegt. Er befindet sich nur 8 km von der Stadt Malaga entfernt.<\/p>\n\n\n\n<p>Es ist m\u00f6glich, direkt mit dem Bus vom Flughafen Malaga nach Marbella zu gelangen, was etwa 40 Minuten dauert.<\/p>\n\n\n\n<p>Mit dieser kleinen Anleitung kannst du beginnen, alles f\u00fcr deinen Aufenthalt in Marbella vorzubereiten, damit dir nichts Wichtiges entgeht.<\/p>\n<\/div>\n<\/div><\/div>\n","protected":false},"excerpt":{"rendered":"<p>Marbella ist eine der St\u00e4dte in ganz Spanien, die die meisten Touristen anzieht. Die Hauptstadt der Costa del Sol ist sehr bekannt f\u00fcr ihre legend\u00e4ren Str\u00e4nde, ihr konstantes Wetter zu praktisch jeder Jahreszeit, ihre Partys und Luxusyachten sowie die st\u00e4ndige Anwesenheit von Prominenten. Obwohl Marbella stark gewachsen ist, bewahrt es immer noch seinen Geist durch [&hellip;]<\/p>\n","protected":false},"author":5,"featured_media":1417,"parent":0,"menu_order":0,"comment_status":"closed","ping_status":"closed","template":"","meta":{"_acf_changed":false,"inline_featured_image":false,"_uag_custom_page_level_css":"","footnotes":""},"class_list":["post-5803","page","type-page","status-publish","has-post-thumbnail","hentry"],"acf":[],"uagb_featured_image_src":{"full":["https:\/\/www.yellowcar.com\/wp-content\/uploads\/2023\/04\/marbella.jpg",1920,1280,false],"thumbnail":["https:\/\/www.yellowcar.com\/wp-content\/uploads\/2023\/04\/marbella.jpg",150,100,false],"medium":["https:\/\/www.yellowcar.com\/wp-content\/uploads\/2023\/04\/marbella.jpg",300,200,false],"medium_large":["https:\/\/www.yellowcar.com\/wp-content\/uploads\/2023\/04\/marbella.jpg",768,512,false],"large":["https:\/\/www.yellowcar.com\/wp-content\/uploads\/2023\/04\/marbella.jpg",1024,683,false],"1536x1536":["https:\/\/www.yellowcar.com\/wp-content\/uploads\/2023\/04\/marbella.jpg",1536,1024,false],"2048x2048":["https:\/\/www.yellowcar.com\/wp-content\/uploads\/2023\/04\/marbella.jpg",1920,1280,false]},"uagb_author_info":{"display_name":"@mike","author_link":"https:\/\/www.yellowcar.com\/de\/author\/mike\/"},"uagb_comment_info":0,"uagb_excerpt":"Marbella ist eine der St\u00e4dte in ganz Spanien, die die meisten Touristen anzieht. Die Hauptstadt der Costa del Sol ist sehr bekannt f\u00fcr ihre legend\u00e4ren Str\u00e4nde, ihr konstantes Wetter zu praktisch jeder Jahreszeit, ihre Partys und Luxusyachten sowie die st\u00e4ndige Anwesenheit von Prominenten. Obwohl Marbella stark gewachsen ist, bewahrt es immer noch seinen Geist durch&hellip;","_links":{"self":[{"href":"https:\/\/www.yellowcar.com\/de\/wp-json\/wp\/v2\/pages\/5803","targetHints":{"allow":["GET"]}}],"collection":[{"href":"https:\/\/www.yellowcar.com\/de\/wp-json\/wp\/v2\/pages"}],"about":[{"href":"https:\/\/www.yellowcar.com\/de\/wp-json\/wp\/v2\/types\/page"}],"author":[{"embeddable":true,"href":"https:\/\/www.yellowcar.com\/de\/wp-json\/wp\/v2\/users\/5"}],"replies":[{"embeddable":true,"href":"https:\/\/www.yellowcar.com\/de\/wp-json\/wp\/v2\/comments?post=5803"}],"version-history":[{"count":3,"href":"https:\/\/www.yellowcar.com\/de\/wp-json\/wp\/v2\/pages\/5803\/revisions"}],"predecessor-version":[{"id":5807,"href":"https:\/\/www.yellowcar.com\/de\/wp-json\/wp\/v2\/pages\/5803\/revisions\/5807"}],"wp:featuredmedia":[{"embeddable":true,"href":"https:\/\/www.yellowcar.com\/de\/wp-json\/wp\/v2\/media\/1417"}],"wp:attachment":[{"href":"https:\/\/www.yellowcar.com\/de\/wp-json\/wp\/v2\/media?parent=5803"}],"curies":[{"name":"wp","href":"https:\/\/api.w.org\/{rel}","templated":true}]}}